{"id":8748,"date":"2022-06-08T15:04:01","date_gmt":"2022-06-08T15:04:01","guid":{"rendered":"https:\/\/stolarstwowolny.pl\/?page_id=8748"},"modified":"2022-11-18T12:30:55","modified_gmt":"2022-11-18T12:30:55","slug":"projekty-komputerowe","status":"publish","type":"page","link":"https:\/\/stolarstwowolny.pl\/?page_id=8748","title":{"rendered":"Projekty komputerowe"},"content":{"rendered":"<p>[vc_row full_width=&#8221;stretch_row&#8221;][vc_column][rev_slider_vc alias=&#8221;home-slider-3&#8243;][\/vc_column][\/vc_row][vc_row][vc_column]<div class=\"headings-title  wpb_animate_when_almost_visible wpb_bottom-to-top bottom-to-top\"><div class=\"mb70 mb-xs-40 text-center\"><div class=\"divider-wrap\"><i style=\"color:#8c241e!important;\" class=\"ti-map\"><\/i><div class=\"tlg-divider tlg-divider-large\" style=\"background-color:#8c241e!important;\"><\/div><\/div><h5  class=\"widgettitle mb0\">PROJEKTY KOMPUTEROWE<\/h5><\/div><\/div>[vc_column_text el_class=&#8221;text-by-kinga&#8221;]Dajemy Pa\u0144stwu mo\u017cliwo\u015b\u0107 zobaczenia kuchni zanim jeszcze zostanie zam\u00f3wiona. Za pomoc\u0105<br \/>\nprofesjonalnego programu do projektowania wn\u0119trz poka\u017cemy ka\u017cdy szczeg\u00f3\u0142 zabudowy meblowej,<br \/>\npomo\u017cemy w\u0142a\u015bciwie dobra\u0107 kolory oraz precyzyjnie rozplanowa\u0107 o\u015bwietlenie.<br \/>\nProjekt jest wykonywany na \u017cyczenie klienta.<br \/>\nKlient nie ponosi \u017cadnych koszt\u00f3w zwi\u0105zanych z projektem je\u015bli zakupi u nas kuchni\u0119.[\/vc_column_text][\/vc_column][\/vc_row]<\/p>\n","protected":false},"excerpt":{"rendered":"<p>[vc_row full_width=&#8221;stretch_row&#8221;][vc_column][rev_slider_vc alias=&#8221;home-slider-3&#8243;][\/vc_column][\/vc_row][vc_row][vc_column][vc_column_text el_class=&#8221;text-by-kinga&#8221;]Dajemy Pa\u0144stwu mo\u017cliwo\u015b\u0107 zobaczenia kuchni zanim jeszcze zostanie zam\u00f3wiona. Za pomoc\u0105 profesjonalnego programu do projektowania wn\u0119trz poka\u017cemy ka\u017cdy szczeg\u00f3\u0142 zabudowy meblowej, pomo\u017cemy w\u0142a\u015bciwie dobra\u0107 kolory oraz precyzyjnie rozplanowa\u0107 o\u015bwietlenie. Projekt jest wykonywany na \u017cyczenie klienta. Klient nie ponosi \u017cadnych koszt\u00f3w zwi\u0105zanych z projektem je\u015bli zakupi u nas kuchni\u0119.[\/vc_column_text][\/vc_column][\/vc_row]<\/p>\n","protected":false},"author":1,"featured_media":0,"parent":0,"menu_order":0,"comment_status":"closed","ping_status":"closed","template":"","meta":{"footnotes":""},"class_list":["post-8748","page","type-page","status-publish","hentry"],"_links":{"self":[{"href":"https:\/\/stolarstwowolny.pl\/index.php?rest_route=\/wp\/v2\/pages\/8748","targetHints":{"allow":["GET"]}}],"collection":[{"href":"https:\/\/stolarstwowolny.pl\/index.php?rest_route=\/wp\/v2\/pages"}],"about":[{"href":"https:\/\/stolarstwowolny.pl\/index.php?rest_route=\/wp\/v2\/types\/page"}],"author":[{"embeddable":true,"href":"https:\/\/stolarstwowolny.pl\/index.php?rest_route=\/wp\/v2\/users\/1"}],"replies":[{"embeddable":true,"href":"https:\/\/stolarstwowolny.pl\/index.php?rest_route=%2Fwp%2Fv2%2Fcomments&post=8748"}],"version-history":[{"count":33,"href":"https:\/\/stolarstwowolny.pl\/index.php?rest_route=\/wp\/v2\/pages\/8748\/revisions"}],"predecessor-version":[{"id":9394,"href":"https:\/\/stolarstwowolny.pl\/index.php?rest_route=\/wp\/v2\/pages\/8748\/revisions\/9394"}],"wp:attachment":[{"href":"https:\/\/stolarstwowolny.pl\/index.php?rest_route=%2Fwp%2Fv2%2Fmedia&parent=8748"}],"curies":[{"name":"wp","href":"https:\/\/api.w.org\/{rel}","templated":true}]}}