{"id":8744,"date":"2022-06-08T15:02:17","date_gmt":"2022-06-08T15:02:17","guid":{"rendered":"https:\/\/stolarstwowolny.pl\/?page_id=8744"},"modified":"2022-11-18T12:30:09","modified_gmt":"2022-11-18T12:30:09","slug":"szafy-do-zabudowy","status":"publish","type":"page","link":"https:\/\/stolarstwowolny.pl\/?page_id=8744","title":{"rendered":"Szafy do zabudowy"},"content":{"rendered":"<p>[vc_row full_width=&#8221;stretch_row&#8221;][vc_column][rev_slider_vc alias=&#8221;home-slider-3&#8243;][\/vc_column][\/vc_row][vc_row][vc_column]<div class=\"headings-title  wpb_animate_when_almost_visible wpb_bottom-to-top bottom-to-top\"><div class=\"mb70 mb-xs-40 text-center\"><div class=\"divider-wrap\"><i style=\"color:#8c241e!important;\" class=\"ti-map\"><\/i><div class=\"tlg-divider tlg-divider-large\" style=\"background-color:#8c241e!important;\"><\/div><\/div><h5  class=\"widgettitle mb0\">SZAFY DO ZABUDOWY<\/h5><\/div><\/div>[vc_column_text el_class=&#8221;text-by-kinga&#8221;]<img loading=\"lazy\" decoding=\"async\" class=\" wp-image-9057 alignright\" src=\"https:\/\/stolarstwowolny.pl\/wp-content\/uploads\/2022\/06\/IMG-20220610-WA0062-225x300.jpg\" alt=\"\" width=\"457\" height=\"609\" srcset=\"https:\/\/stolarstwowolny.pl\/wp-content\/uploads\/2022\/06\/IMG-20220610-WA0062-225x300.jpg 225w, https:\/\/stolarstwowolny.pl\/wp-content\/uploads\/2022\/06\/IMG-20220610-WA0062.jpg 768w\" sizes=\"auto, (max-width: 457px) 100vw, 457px\" \/>Szafy do zabudowy s\u0105 najbardziej znanym i typowym rozwi\u0105zaniem,<br \/>\nkt\u00f3re pozwala efektywnie i praktycznie wykorzysta\u0107 woln\u0105 przestrze\u0144.<\/p>\n<p>Oferujemy bezszelestne, lekkie i jednocze\u015bnie solidne konstrukcje, kt\u00f3re stworzyli\u015bmy za pomoc\u0105 praktycznych element\u00f3w jezdnych (k\u00f3\u0142ka, rolki), kt\u00f3re s\u0105 \u0142o\u017cyskowane i wykonane z domieszk\u0105 teflonu. Drzwi tych mebli mo\u017cna zatem otwiera\u0107 z u\u017cyciem minimalnej ilo\u015bci si\u0142y.<\/p>\n<p>Prezentowane przez nas rozwi\u0105zania chroni\u0105 ubrania przed gnieceniem i zakurzeniem.<br \/>\nOferujemy drzwi do szafy, kt\u00f3re mog\u0105 posiada\u0107 wype\u0142nienie z r\u00f3\u017cnego rodzaju materia\u0142\u00f3w:<\/p>\n<p><b>\u2013 <\/b>p\u0142yta laminowana,<br \/>\n<b>\u2013 <\/b>rattan,<br \/>\n<b>\u2013<\/b> bambus,<br \/>\n<b>\u2013 <\/b>lustro,<br \/>\n<b>\u2013 <\/b>szk\u0142o kolorowe,<br \/>\n<b>\u2013<\/b> MDF lakierowany (po\u0142ysk, mat),<br \/>\n<b>\u2013 <\/b>fornir<br \/>\ni wiele innych.[\/vc_column_text][\/vc_column][\/vc_row]<\/p>\n","protected":false},"excerpt":{"rendered":"<p>[vc_row full_width=&#8221;stretch_row&#8221;][vc_column][rev_slider_vc alias=&#8221;home-slider-3&#8243;][\/vc_column][\/vc_row][vc_row][vc_column][vc_column_text el_class=&#8221;text-by-kinga&#8221;]Szafy do zabudowy s\u0105 najbardziej znanym i typowym rozwi\u0105zaniem, kt\u00f3re pozwala efektywnie i praktycznie wykorzysta\u0107 woln\u0105 przestrze\u0144. Oferujemy bezszelestne, lekkie i jednocze\u015bnie solidne konstrukcje, kt\u00f3re stworzyli\u015bmy za pomoc\u0105 praktycznych element\u00f3w jezdnych (k\u00f3\u0142ka, rolki), kt\u00f3re s\u0105 \u0142o\u017cyskowane i wykonane z domieszk\u0105 teflonu. Drzwi tych mebli mo\u017cna zatem otwiera\u0107 z u\u017cyciem minimalnej ilo\u015bci si\u0142y&#8230;.<\/p>\n","protected":false},"author":1,"featured_media":0,"parent":0,"menu_order":0,"comment_status":"closed","ping_status":"closed","template":"","meta":{"footnotes":""},"class_list":["post-8744","page","type-page","status-publish","hentry"],"_links":{"self":[{"href":"https:\/\/stolarstwowolny.pl\/index.php?rest_route=\/wp\/v2\/pages\/8744","targetHints":{"allow":["GET"]}}],"collection":[{"href":"https:\/\/stolarstwowolny.pl\/index.php?rest_route=\/wp\/v2\/pages"}],"about":[{"href":"https:\/\/stolarstwowolny.pl\/index.php?rest_route=\/wp\/v2\/types\/page"}],"author":[{"embeddable":true,"href":"https:\/\/stolarstwowolny.pl\/index.php?rest_route=\/wp\/v2\/users\/1"}],"replies":[{"embeddable":true,"href":"https:\/\/stolarstwowolny.pl\/index.php?rest_route=%2Fwp%2Fv2%2Fcomments&post=8744"}],"version-history":[{"count":63,"href":"https:\/\/stolarstwowolny.pl\/index.php?rest_route=\/wp\/v2\/pages\/8744\/revisions"}],"predecessor-version":[{"id":9393,"href":"https:\/\/stolarstwowolny.pl\/index.php?rest_route=\/wp\/v2\/pages\/8744\/revisions\/9393"}],"wp:attachment":[{"href":"https:\/\/stolarstwowolny.pl\/index.php?rest_route=%2Fwp%2Fv2%2Fmedia&parent=8744"}],"curies":[{"name":"wp","href":"https:\/\/api.w.org\/{rel}","templated":true}]}}