{"id":2057,"date":"2016-02-23T14:28:10","date_gmt":"2016-02-23T14:28:10","guid":{"rendered":"http:\/\/demo.themelogi.com\/navian\/?page_id=2057"},"modified":"2022-12-08T16:25:29","modified_gmt":"2022-12-08T16:25:29","slug":"restaurant","status":"publish","type":"page","link":"https:\/\/stolarstwowolny.pl\/","title":{"rendered":"Strona g\u0142\u00f3wna"},"content":{"rendered":"<p>[vc_row full_width=&#8221;stretch_row&#8221;][vc_column][rev_slider_vc alias=&#8221;home-slider-3&#8243;][\/vc_column][\/vc_row][vc_row tlg_background_style=&#8221;bg-secondary&#8221; el_id=&#8221;menu&#8221;][vc_column]<div class=\"headings-title  wpb_animate_when_almost_visible wpb_bottom-to-top bottom-to-top\"><div class=\"mb70 mb-xs-40 text-center\"><div class=\"divider-wrap\"><i style=\"color:#8c241e!important;\" class=\"ti-map\"><\/i><div class=\"tlg-divider tlg-divider-large\" style=\"background-color:#8c241e!important;\"><\/div><\/div><h5  class=\"widgettitle mb0\">O FIRMIE<\/h5><\/div><\/div>[vc_column_text el_class=&#8221;text-by-kinga&#8221;]<b>Nasza firma zajmuje si\u0119 produkcj\u0105:<\/b><\/p>\n<ul>\n<li><b>Mebli kuchennych<\/b><\/li>\n<li><b>Szaf do zabudowy<\/b><\/li>\n<\/ul>\n<p>Nowoczesna baza maszynowa, materia\u0142y u\u017cyte do produkcji oraz profesjonalizm pracownik\u00f3w pozwalaj\u0105<br \/>\nwykonywa\u0107 meble o bardzo dobrej jako\u015bci, a jednocze\u015bnie przyst\u0119pnej cenie.<br \/>\nFirma zapewnie profesjonaln\u0105 obs\u0142ug\u0119 w zakresie projektowania, doradztwa oraz monta\u017cu mebli kuchennych.<\/p>\n<p>Wykwalifikowana kadra pomo\u017ce Pa\u0144stwu zrealizowa\u0107 kuchni\u0119 swoich marze\u0144.[\/vc_column_text][\/vc_column][\/vc_row][vc_row tlg_padding=&#8221;pt0&#8243; tlg_text_align=&#8221;text-center&#8221;][vc_column width=&#8221;1\/3&#8243;]<div id=\"iconbox-69e0d2005170d\" class=\" wpb_animate_when_almost_visible wpb_appear appear primary-color-icon  \"><div class=\"icon-link\"><div class=\"icon-animate-box animate-icon mt48\">\n\t\t\t\t\t\t\t\t<div class=\"animate-box-wrap\">\n\t\t\t\t\t\t\t\t\t<div class=\"box-bg\" style=\"background-image: url(https:\/\/stolarstwowolny.pl\/wp-content\/uploads\/2022\/11\/image1.jpeg); \"><\/div>\n\t\t\t\t\t\t\t\t\t<div class=\"animate-box-inner\">\n\t\t\t\t\t\t\t\t\t\t<div class=\"animate-box-inner-wrap\">\n\t\t\t\t\t\t\t\t\t\t\t<div class=\"icon-center-box\"><i class=\"ti-star  icon-animate inline-block icon-text icon-lg\"><\/i><\/div>\n\t\t\t\t\t\t\t\t\t\t\t<h2  class=\"widgettitle\">MEBLE KUCHENNE<\/h2>\n\t\t\t\t\t\t\t\t\t\t\t\n\t\t\t\t\t\t\t\t\t\t<\/div>\n\t\t\t\t\t\t\t\t\t<\/div>  \n\t\t\t\t\t\t\t\t<\/div> \n\t\t\t\t\t\t\t<\/div><\/div><\/div>[\/vc_column][vc_column width=&#8221;1\/3&#8243;]<div id=\"iconbox-69e0d20051e09\" class=\" wpb_animate_when_almost_visible wpb_appear appear primary-color-icon  \"><div class=\"icon-link\"><div class=\"icon-animate-box animate-icon mt48\">\n\t\t\t\t\t\t\t\t<div class=\"animate-box-wrap\">\n\t\t\t\t\t\t\t\t\t<div class=\"box-bg\" style=\"background-image: url(https:\/\/stolarstwowolny.pl\/wp-content\/uploads\/2022\/06\/IMG-20220610-WA0062-600x600.jpg); \"><\/div>\n\t\t\t\t\t\t\t\t\t<div class=\"animate-box-inner\">\n\t\t\t\t\t\t\t\t\t\t<div class=\"animate-box-inner-wrap\">\n\t\t\t\t\t\t\t\t\t\t\t<div class=\"icon-center-box\"><i class=\"ti-home  icon-animate inline-block icon-text icon-lg\"><\/i><\/div>\n\t\t\t\t\t\t\t\t\t\t\t<h2  class=\"widgettitle\">SZAFY DO ZABUDOWY<\/h2>\n\t\t\t\t\t\t\t\t\t\t\t\n\t\t\t\t\t\t\t\t\t\t<\/div>\n\t\t\t\t\t\t\t\t\t<\/div>  \n\t\t\t\t\t\t\t\t<\/div> \n\t\t\t\t\t\t\t<\/div><\/div><\/div><div class=\"tlg-spacer  \" data-height=\"40\" data-height-tablet=\"40\" data-height-mobile=\"40\" style=\"clear:both;display:block;height:40px;\"><\/div>[\/vc_column][vc_column width=&#8221;1\/3&#8243;]<div id=\"iconbox-69e0d20052962\" class=\" wpb_animate_when_almost_visible wpb_appear appear primary-color-icon  \"><div class=\"icon-link\"><div class=\"icon-animate-box animate-icon mt48\">\n\t\t\t\t\t\t\t\t<div class=\"animate-box-wrap\">\n\t\t\t\t\t\t\t\t\t<div class=\"box-bg\" style=\"background-image: url(https:\/\/stolarstwowolny.pl\/wp-content\/uploads\/2022\/06\/IMG-20220610-WA0014-600x600.jpg); \"><\/div>\n\t\t\t\t\t\t\t\t\t<div class=\"animate-box-inner\">\n\t\t\t\t\t\t\t\t\t\t<div class=\"animate-box-inner-wrap\">\n\t\t\t\t\t\t\t\t\t\t\t<div class=\"icon-center-box\"><i class=\"ti-panel  icon-animate inline-block icon-text icon-lg\"><\/i><\/div>\n\t\t\t\t\t\t\t\t\t\t\t<h2  class=\"widgettitle\">PROJEKTY<\/h2>\n\t\t\t\t\t\t\t\t\t\t\t\n\t\t\t\t\t\t\t\t\t\t<\/div>\n\t\t\t\t\t\t\t\t\t<\/div>  \n\t\t\t\t\t\t\t\t<\/div> \n\t\t\t\t\t\t\t<\/div><\/div><\/div>[\/vc_column][\/vc_row][vc_row tlg_background_style=&#8221;bg-dark&#8221; tlg_enable_overlay=&#8221;yes&#8221; tlg_parallax=&#8221;not-parallax&#8221; tlg_text_align=&#8221;text-center&#8221; el_id=&#8221;deal&#8221; css=&#8221;.vc_custom_1670516721256{background-color: #424242 !important;}&#8221; tlg_bg_overlay_value=&#8221;9&#8243; tlg_bg_overlay=&#8221;#444444&#8243; tlg_bg_gradient_color=&#8221;#b18435&#8243;][vc_column css=&#8221;.vc_custom_1670516727716{background-color: #424242 !important;}&#8221;]<div class=\"headings-title  wpb_animate_when_almost_visible wpb_bottom-to-top bottom-to-top\"><div class=\"mb70 mb-xs-40 text-center\"><div class=\"divider-wrap\"><div class=\"tlg-divider \" style=\"background-color:#8c241e!important;\"><\/div><\/div><h5  class=\"widgettitle mb0\">WYBRANE REALIZACJE<\/h5><\/div><\/div>[vc_column_text css_animation=&#8221;zoomIn&#8221;]<\/p>\n<div class=\"clearfix mt16 mt0-vc hide-icon\"><div class=\"carousel-padding-item slides owl-carousel owl-theme move-cursor\"><div class=\"bg-overlay move-cursor\"><img decoding=\"async\" src=\"https:\/\/stolarstwowolny.pl\/wp-content\/uploads\/2022\/06\/DSCN0510-1.jpg\" alt=\"gallery-item\" \/><\/div><div class=\"bg-overlay move-cursor\"><img decoding=\"async\" src=\"https:\/\/stolarstwowolny.pl\/wp-content\/uploads\/2022\/11\/image6.jpeg\" alt=\"gallery-item\" \/><\/div><div class=\"bg-overlay move-cursor\"><img decoding=\"async\" src=\"https:\/\/stolarstwowolny.pl\/wp-content\/uploads\/2022\/06\/DSCN3780.jpg\" alt=\"gallery-item\" \/><\/div><div class=\"bg-overlay move-cursor\"><img decoding=\"async\" src=\"https:\/\/stolarstwowolny.pl\/wp-content\/uploads\/2022\/06\/DSCN0645.jpg\" alt=\"gallery-item\" \/><\/div><div class=\"bg-overlay move-cursor\"><img decoding=\"async\" src=\"https:\/\/stolarstwowolny.pl\/wp-content\/uploads\/2022\/06\/DSCN0932.jpg\" alt=\"gallery-item\" \/><\/div><div class=\"bg-overlay move-cursor\"><img decoding=\"async\" src=\"https:\/\/stolarstwowolny.pl\/wp-content\/uploads\/2022\/06\/P1030326.jpg\" alt=\"gallery-item\" \/><\/div><div class=\"bg-overlay move-cursor\"><img decoding=\"async\" src=\"https:\/\/stolarstwowolny.pl\/wp-content\/uploads\/2022\/06\/DSCN0166.jpg\" alt=\"gallery-item\" \/><\/div><div class=\"bg-overlay move-cursor\"><img decoding=\"async\" src=\"https:\/\/stolarstwowolny.pl\/wp-content\/uploads\/2022\/06\/DSCN0927.jpg\" alt=\"gallery-item\" \/><\/div><div class=\"bg-overlay move-cursor\"><img decoding=\"async\" src=\"https:\/\/stolarstwowolny.pl\/wp-content\/uploads\/2022\/11\/image0.jpeg\" alt=\"gallery-item\" \/><\/div><\/div><\/div>\n<p>[\/vc_column_text]<div class=\"tlg-spacer  \" data-height=\"40\" data-height-tablet=\"40\" data-height-mobile=\"40\" style=\"clear:both;display:block;height:40px;\"><\/div>[\/vc_column][\/vc_row]<\/p>\n","protected":false},"excerpt":{"rendered":"<p>[vc_row full_width=&#8221;stretch_row&#8221;][vc_column][rev_slider_vc alias=&#8221;home-slider-3&#8243;][\/vc_column][\/vc_row][vc_row tlg_background_style=&#8221;bg-secondary&#8221; el_id=&#8221;menu&#8221;][vc_column][vc_column_text el_class=&#8221;text-by-kinga&#8221;]Nasza firma zajmuje si\u0119 produkcj\u0105: Mebli kuchennych Szaf do zabudowy Nowoczesna baza maszynowa, materia\u0142y u\u017cyte do produkcji oraz profesjonalizm pracownik\u00f3w pozwalaj\u0105 wykonywa\u0107 meble o bardzo dobrej jako\u015bci, a jednocze\u015bnie przyst\u0119pnej cenie. Firma zapewnie profesjonaln\u0105 obs\u0142ug\u0119 w zakresie projektowania, doradztwa oraz monta\u017cu mebli kuchennych. Wykwalifikowana kadra pomo\u017ce Pa\u0144stwu zrealizowa\u0107 kuchni\u0119 swoich&#8230;<\/p>\n","protected":false},"author":2,"featured_media":0,"parent":0,"menu_order":0,"comment_status":"closed","ping_status":"closed","template":"","meta":{"footnotes":""},"class_list":["post-2057","page","type-page","status-publish","hentry"],"_links":{"self":[{"href":"https:\/\/stolarstwowolny.pl\/index.php?rest_route=\/wp\/v2\/pages\/2057","targetHints":{"allow":["GET"]}}],"collection":[{"href":"https:\/\/stolarstwowolny.pl\/index.php?rest_route=\/wp\/v2\/pages"}],"about":[{"href":"https:\/\/stolarstwowolny.pl\/index.php?rest_route=\/wp\/v2\/types\/page"}],"author":[{"embeddable":true,"href":"https:\/\/stolarstwowolny.pl\/index.php?rest_route=\/wp\/v2\/users\/2"}],"replies":[{"embeddable":true,"href":"https:\/\/stolarstwowolny.pl\/index.php?rest_route=%2Fwp%2Fv2%2Fcomments&post=2057"}],"version-history":[{"count":114,"href":"https:\/\/stolarstwowolny.pl\/index.php?rest_route=\/wp\/v2\/pages\/2057\/revisions"}],"predecessor-version":[{"id":9507,"href":"https:\/\/stolarstwowolny.pl\/index.php?rest_route=\/wp\/v2\/pages\/2057\/revisions\/9507"}],"wp:attachment":[{"href":"https:\/\/stolarstwowolny.pl\/index.php?rest_route=%2Fwp%2Fv2%2Fmedia&parent=2057"}],"curies":[{"name":"wp","href":"https:\/\/api.w.org\/{rel}","templated":true}]}}